{"id":7,"date":"2021-10-20T14:00:20","date_gmt":"2021-10-20T12:00:20","guid":{"rendered":"http:\/\/demarch.sn\/sitedemarch\/?page_id=7"},"modified":"2023-03-02T15:19:21","modified_gmt":"2023-03-02T14:19:21","slug":"a-propos-de","status":"publish","type":"page","link":"https:\/\/demarch.sn\/sitedemarch\/index.php\/a-propos-de\/","title":{"rendered":"\u00c0 propos de"},"content":{"rendered":"\t\t<div data-elementor-type=\"wp-page\" data-elementor-id=\"7\" class=\"elementor elementor-7\">\n\t\t\t\t\t\t\t\t\t<section class=\"elementor-section elementor-top-section elementor-element elementor-element-782127e4 elementor-section-height-min-height elementor-section-boxed elementor-section-height-default elementor-section-items-middle\" data-id=\"782127e4\" data-element_type=\"section\" data-settings=\"{&quot;background_background&quot;:&quot;classic&quot;}\">\n\t\t\t\t\t\t\t<div class=\"elementor-background-overlay\"><\/div>\n\t\t\t\t\t\t\t<div class=\"elementor-container elementor-column-gap-default\">\n\t\t\t\t\t<div class=\"elementor-column elementor-col-100 elementor-top-column elementor-element elementor-element-2d553b32\" data-id=\"2d553b32\" data-element_type=\"column\">\n\t\t\t<div class=\"elementor-widget-wrap elementor-element-populated\">\n\t\t\t\t\t\t\t\t<div class=\"elementor-element elementor-element-5393ecd5 elementor-invisible elementor-widget elementor-widget-heading\" data-id=\"5393ecd5\" data-element_type=\"widget\" data-settings=\"{&quot;_animation&quot;:&quot;fadeInDown&quot;}\" data-widget_type=\"heading.default\">\n\t\t\t\t<div class=\"elementor-widget-container\">\n\t\t\t<style>\/*! elementor - v3.11.1 - 15-02-2023 *\/\n.elementor-heading-title{padding:0;margin:0;line-height:1}.elementor-widget-heading .elementor-heading-title[class*=elementor-size-]>a{color:inherit;font-size:inherit;line-height:inherit}.elementor-widget-heading .elementor-heading-title.elementor-size-small{font-size:15px}.elementor-widget-heading .elementor-heading-title.elementor-size-medium{font-size:19px}.elementor-widget-heading .elementor-heading-title.elementor-size-large{font-size:29px}.elementor-widget-heading .elementor-heading-title.elementor-size-xl{font-size:39px}.elementor-widget-heading .elementor-heading-title.elementor-size-xxl{font-size:59px}<\/style><h1 class=\"elementor-heading-title elementor-size-default\">Qui sommes-nous ?<\/h1>\t\t<\/div>\n\t\t\t\t<\/div>\n\t\t\t\t\t<\/div>\n\t\t<\/div>\n\t\t\t\t\t\t\t<\/div>\n\t\t<\/section>\n\t\t\t\t<section class=\"elementor-section elementor-top-section elementor-element elementor-element-580416e8 elementor-section-boxed elementor-section-height-default elementor-section-height-default\" data-id=\"580416e8\" data-element_type=\"section\">\n\t\t\t\t\t\t<div class=\"elementor-container elementor-column-gap-wide\">\n\t\t\t\t\t<div class=\"elementor-column elementor-col-33 elementor-top-column elementor-element elementor-element-16d3d3c0\" data-id=\"16d3d3c0\" data-element_type=\"column\">\n\t\t\t<div class=\"elementor-widget-wrap elementor-element-populated\">\n\t\t\t\t\t\t\t\t<div class=\"elementor-element elementor-element-200ff9b elementor-view-default elementor-mobile-position-top elementor-vertical-align-top elementor-widget elementor-widget-icon-box\" data-id=\"200ff9b\" data-element_type=\"widget\" data-widget_type=\"icon-box.default\">\n\t\t\t\t<div class=\"elementor-widget-container\">\n\t\t\t<link rel=\"stylesheet\" href=\"http:\/\/demarch.sn\/sitedemarch\/wp-content\/plugins\/elementor\/assets\/css\/widget-icon-box.min.css\">\t\t<div class=\"elementor-icon-box-wrapper\">\n\t\t\t\t\t\t<div class=\"elementor-icon-box-icon\">\n\t\t\t\t<span class=\"elementor-icon elementor-animation-\" >\n\t\t\t\t<i aria-hidden=\"true\" class=\"fas fa-map-marker-alt\"><\/i>\t\t\t\t<\/span>\n\t\t\t<\/div>\n\t\t\t\t\t\t<div class=\"elementor-icon-box-content\">\n\t\t\t\t<h3 class=\"elementor-icon-box-title\">\n\t\t\t\t\t<span  >\n\t\t\t\t\t\tLocalisation\t\t\t\t\t<\/span>\n\t\t\t\t<\/h3>\n\t\t\t\t\t\t\t\t\t<p class=\"elementor-icon-box-description\">\n\t\t\t\t\t\tVilla 32, cit\u00e9 Gendarmerie II extension, Keur Massar, Dakar, S\u00e9n\u00e9gal\t\t\t\t\t<\/p>\n\t\t\t\t\t\t\t<\/div>\n\t\t<\/div>\n\t\t\t\t<\/div>\n\t\t\t\t<\/div>\n\t\t\t\t\t<\/div>\n\t\t<\/div>\n\t\t\t\t<div class=\"elementor-column elementor-col-33 elementor-top-column elementor-element elementor-element-359c9127\" data-id=\"359c9127\" data-element_type=\"column\">\n\t\t\t<div class=\"elementor-widget-wrap elementor-element-populated\">\n\t\t\t\t\t\t\t\t<div class=\"elementor-element elementor-element-3e69fdab elementor-view-default elementor-mobile-position-top elementor-vertical-align-top elementor-widget elementor-widget-icon-box\" data-id=\"3e69fdab\" data-element_type=\"widget\" data-widget_type=\"icon-box.default\">\n\t\t\t\t<div class=\"elementor-widget-container\">\n\t\t\t\t\t<div class=\"elementor-icon-box-wrapper\">\n\t\t\t\t\t\t<div class=\"elementor-icon-box-icon\">\n\t\t\t\t<span class=\"elementor-icon elementor-animation-\" >\n\t\t\t\t<i aria-hidden=\"true\" class=\"far fa-envelope\"><\/i>\t\t\t\t<\/span>\n\t\t\t<\/div>\n\t\t\t\t\t\t<div class=\"elementor-icon-box-content\">\n\t\t\t\t<h3 class=\"elementor-icon-box-title\">\n\t\t\t\t\t<span  >\n\t\t\t\t\t\tContact\t\t\t\t\t<\/span>\n\t\t\t\t<\/h3>\n\t\t\t\t\t\t\t\t\t<p class=\"elementor-icon-box-description\">\n\t\t\t\t\t\tcontact@demarch.sn\t\t\t\t\t<\/p>\n\t\t\t\t\t\t\t<\/div>\n\t\t<\/div>\n\t\t\t\t<\/div>\n\t\t\t\t<\/div>\n\t\t\t\t\t<\/div>\n\t\t<\/div>\n\t\t\t\t<div class=\"elementor-column elementor-col-33 elementor-top-column elementor-element elementor-element-382bc416\" data-id=\"382bc416\" data-element_type=\"column\">\n\t\t\t<div class=\"elementor-widget-wrap elementor-element-populated\">\n\t\t\t\t\t\t\t\t<div class=\"elementor-element elementor-element-75784b60 elementor-view-default elementor-mobile-position-top elementor-vertical-align-top elementor-widget elementor-widget-icon-box\" data-id=\"75784b60\" data-element_type=\"widget\" data-widget_type=\"icon-box.default\">\n\t\t\t\t<div class=\"elementor-widget-container\">\n\t\t\t\t\t<div class=\"elementor-icon-box-wrapper\">\n\t\t\t\t\t\t<div class=\"elementor-icon-box-icon\">\n\t\t\t\t<span class=\"elementor-icon elementor-animation-\" >\n\t\t\t\t<i aria-hidden=\"true\" class=\"fas fa-phone\"><\/i>\t\t\t\t<\/span>\n\t\t\t<\/div>\n\t\t\t\t\t\t<div class=\"elementor-icon-box-content\">\n\t\t\t\t<h3 class=\"elementor-icon-box-title\">\n\t\t\t\t\t<span  >\n\t\t\t\t\t\tT\u00e9l\u00e9phone\t\t\t\t\t<\/span>\n\t\t\t\t<\/h3>\n\t\t\t\t\t\t\t\t\t<p class=\"elementor-icon-box-description\">\n\t\t\t\t\t\t+221 33 878 87 71\n<br>\n\t\t\t\t\t<\/p>\n\t\t\t\t\t\t\t<\/div>\n\t\t<\/div>\n\t\t\t\t<\/div>\n\t\t\t\t<\/div>\n\t\t\t\t\t<\/div>\n\t\t<\/div>\n\t\t\t\t\t\t\t<\/div>\n\t\t<\/section>\n\t\t\t\t<section class=\"elementor-section elementor-top-section elementor-element elementor-element-8eca1be elementor-section-boxed elementor-section-height-default elementor-section-height-default\" data-id=\"8eca1be\" data-element_type=\"section\">\n\t\t\t\t\t\t<div class=\"elementor-container elementor-column-gap-default\">\n\t\t\t\t\t<div class=\"elementor-column elementor-col-100 elementor-top-column elementor-element elementor-element-3fe09d6\" data-id=\"3fe09d6\" data-element_type=\"column\">\n\t\t\t<div class=\"elementor-widget-wrap elementor-element-populated\">\n\t\t\t\t\t\t\t\t<div class=\"elementor-element elementor-element-ca05a1c elementor-widget elementor-widget-heading\" data-id=\"ca05a1c\" data-element_type=\"widget\" data-widget_type=\"heading.default\">\n\t\t\t\t<div class=\"elementor-widget-container\">\n\t\t\t<h2 class=\"elementor-heading-title elementor-size-default\">Pr\u00e9sentation<\/h2>\t\t<\/div>\n\t\t\t\t<\/div>\n\t\t\t\t\t<\/div>\n\t\t<\/div>\n\t\t\t\t\t\t\t<\/div>\n\t\t<\/section>\n\t\t\t\t<section class=\"elementor-section elementor-top-section elementor-element elementor-element-w5v39ou elementor-section-boxed elementor-section-height-default elementor-section-height-default\" data-id=\"w5v39ou\" data-element_type=\"section\">\n\t\t\t\t\t\t\t<div class=\"elementor-background-overlay\"><\/div>\n\t\t\t\t\t\t\t<div class=\"elementor-container elementor-column-gap-no\">\n\t\t\t\t\t<div class=\"elementor-column elementor-col-100 elementor-top-column elementor-element elementor-element-69eb7d8\" data-id=\"69eb7d8\" data-element_type=\"column\" data-settings=\"{&quot;background_background&quot;:&quot;classic&quot;}\">\n\t\t\t<div class=\"elementor-widget-wrap elementor-element-populated\">\n\t\t\t\t\t<div class=\"elementor-background-overlay\"><\/div>\n\t\t\t\t\t\t\t\t<section class=\"elementor-section elementor-inner-section elementor-element elementor-element-0f04b74 elementor-section-boxed elementor-section-height-default elementor-section-height-default\" data-id=\"0f04b74\" data-element_type=\"section\">\n\t\t\t\t\t\t\t<div class=\"elementor-background-overlay\"><\/div>\n\t\t\t\t\t\t\t<div class=\"elementor-container elementor-column-gap-no\">\n\t\t\t\t\t<div class=\"elementor-column elementor-col-100 elementor-inner-column elementor-element elementor-element-20b4e97\" data-id=\"20b4e97\" data-element_type=\"column\">\n\t\t\t<div class=\"elementor-widget-wrap elementor-element-populated\">\n\t\t\t\t\t\t\t\t<div class=\"elementor-element elementor-element-1ca477d elementor-widget elementor-widget-text-editor\" data-id=\"1ca477d\" data-element_type=\"widget\" data-widget_type=\"text-editor.default\">\n\t\t\t\t<div class=\"elementor-widget-container\">\n\t\t\t<style>\/*! elementor - v3.11.1 - 15-02-2023 *\/\n.elementor-widget-text-editor.elementor-drop-cap-view-stacked .elementor-drop-cap{background-color:#818a91;color:#fff}.elementor-widget-text-editor.elementor-drop-cap-view-framed .elementor-drop-cap{color:#818a91;border:3px solid;background-color:transparent}.elementor-widget-text-editor:not(.elementor-drop-cap-view-default) .elementor-drop-cap{margin-top:8px}.elementor-widget-text-editor:not(.elementor-drop-cap-view-default) .elementor-drop-cap-letter{width:1em;height:1em}.elementor-widget-text-editor .elementor-drop-cap{float:left;text-align:center;line-height:1;font-size:50px}.elementor-widget-text-editor .elementor-drop-cap-letter{display:inline-block}<\/style>\t\t\t\t<p>Demarch est une plateforme qui vous accompagne dans tous vos projets de digitalisation pour une gestion et une diffusion efficaces de vos informations. L\u2019archivage physique et num\u00e9rique, l\u2019externalisation, la gestion \u00e9lectronique de documents (GED et ECM), le d\u00e9veloppement et la maintenance des logiciels d\u2019application, le Business Intelligence (BI) entre autres pour une satisfaction maximale dans le respect des d\u00e9lais, des r\u00e8gles de s\u00e9curit\u00e9 et de qualit\u00e9.<\/p>\t\t\t\t\t\t<\/div>\n\t\t\t\t<\/div>\n\t\t\t\t\t<\/div>\n\t\t<\/div>\n\t\t\t\t\t\t\t<\/div>\n\t\t<\/section>\n\t\t\t\t\t<\/div>\n\t\t<\/div>\n\t\t\t\t\t\t\t<\/div>\n\t\t<\/section>\n\t\t\t\t\t\t\t<\/div>\n\t\t","protected":false},"excerpt":{"rendered":"<p>Qui sommes-nous ? Localisation Villa 32, cit\u00e9 Gendarmerie II extension, Keur Massar, Dakar, S\u00e9n\u00e9gal Contact contact@demarch.sn T\u00e9l\u00e9phone +221 33 878 87 71 Pr\u00e9sentation Demarch est une plateforme qui vous accompagne dans tous vos projets de digitalisation pour une gestion et une diffusion efficaces de vos informations. L\u2019archivage physique et num\u00e9rique, l\u2019externalisation, la gestion \u00e9lectronique de [&hellip;]<\/p>\n","protected":false},"author":1,"featured_media":0,"parent":0,"menu_order":0,"comment_status":"closed","ping_status":"closed","template":"elementor_header_footer","meta":[],"yoast_head":"<!-- This site is optimized with the Yoast SEO plugin v20.1 - https:\/\/yoast.com\/wordpress\/plugins\/seo\/ -->\n<title>\u00c0 propos de -<\/title>\n<meta name=\"robots\" content=\"index, follow, max-snippet:-1, max-image-preview:large, max-video-preview:-1\" \/>\n<link rel=\"canonical\" href=\"https:\/\/demarch.sn\/sitedemarch\/index.php\/a-propos-de\/\" \/>\n<meta property=\"og:locale\" content=\"fr_FR\" \/>\n<meta property=\"og:type\" content=\"article\" \/>\n<meta property=\"og:title\" content=\"\u00c0 propos de -\" \/>\n<meta property=\"og:description\" content=\"Qui sommes-nous ? Localisation Villa 32, cit\u00e9 Gendarmerie II extension, Keur Massar, Dakar, S\u00e9n\u00e9gal Contact contact@demarch.sn T\u00e9l\u00e9phone +221 33 878 87 71 Pr\u00e9sentation Demarch est une plateforme qui vous accompagne dans tous vos projets de digitalisation pour une gestion et une diffusion efficaces de vos informations. L\u2019archivage physique et num\u00e9rique, l\u2019externalisation, la gestion \u00e9lectronique de [&hellip;]\" \/>\n<meta property=\"og:url\" content=\"https:\/\/demarch.sn\/sitedemarch\/index.php\/a-propos-de\/\" \/>\n<meta property=\"article:publisher\" content=\"https:\/\/www.facebook.com\/demarch99\" \/>\n<meta property=\"article:modified_time\" content=\"2023-03-02T14:19:21+00:00\" \/>\n<meta name=\"twitter:card\" content=\"summary_large_image\" \/>\n<meta name=\"twitter:site\" content=\"@Demarch99\" \/>\n<meta name=\"twitter:label1\" content=\"Dur\u00e9e de lecture estim\u00e9e\" \/>\n\t<meta name=\"twitter:data1\" content=\"1 minute\" \/>\n<script type=\"application\/ld+json\" class=\"yoast-schema-graph\">{\"@context\":\"https:\/\/schema.org\",\"@graph\":[{\"@type\":\"WebPage\",\"@id\":\"https:\/\/demarch.sn\/sitedemarch\/index.php\/a-propos-de\/\",\"url\":\"https:\/\/demarch.sn\/sitedemarch\/index.php\/a-propos-de\/\",\"name\":\"\u00c0 propos de -\",\"isPartOf\":{\"@id\":\"http:\/\/demarch.sn\/sitedemarch\/#website\"},\"datePublished\":\"2021-10-20T12:00:20+00:00\",\"dateModified\":\"2023-03-02T14:19:21+00:00\",\"breadcrumb\":{\"@id\":\"https:\/\/demarch.sn\/sitedemarch\/index.php\/a-propos-de\/#breadcrumb\"},\"inLanguage\":\"fr-FR\",\"potentialAction\":[{\"@type\":\"ReadAction\",\"target\":[\"https:\/\/demarch.sn\/sitedemarch\/index.php\/a-propos-de\/\"]}]},{\"@type\":\"BreadcrumbList\",\"@id\":\"https:\/\/demarch.sn\/sitedemarch\/index.php\/a-propos-de\/#breadcrumb\",\"itemListElement\":[{\"@type\":\"ListItem\",\"position\":1,\"name\":\"Accueil\",\"item\":\"http:\/\/demarch.sn\/sitedemarch\/\"},{\"@type\":\"ListItem\",\"position\":2,\"name\":\"\u00c0 propos de\"}]},{\"@type\":\"WebSite\",\"@id\":\"http:\/\/demarch.sn\/sitedemarch\/#website\",\"url\":\"http:\/\/demarch.sn\/sitedemarch\/\",\"name\":\"\",\"description\":\"Demarch, Votre partenaire en transformation digitale\",\"publisher\":{\"@id\":\"http:\/\/demarch.sn\/sitedemarch\/#organization\"},\"potentialAction\":[{\"@type\":\"SearchAction\",\"target\":{\"@type\":\"EntryPoint\",\"urlTemplate\":\"http:\/\/demarch.sn\/sitedemarch\/?s={search_term_string}\"},\"query-input\":\"required name=search_term_string\"}],\"inLanguage\":\"fr-FR\"},{\"@type\":\"Organization\",\"@id\":\"http:\/\/demarch.sn\/sitedemarch\/#organization\",\"name\":\"demarch\",\"url\":\"http:\/\/demarch.sn\/sitedemarch\/\",\"logo\":{\"@type\":\"ImageObject\",\"inLanguage\":\"fr-FR\",\"@id\":\"http:\/\/demarch.sn\/sitedemarch\/#\/schema\/logo\/image\/\",\"url\":\"http:\/\/demarch.sn\/sitedemarch\/wp-content\/uploads\/2021\/10\/logo.png\",\"contentUrl\":\"http:\/\/demarch.sn\/sitedemarch\/wp-content\/uploads\/2021\/10\/logo.png\",\"width\":200,\"height\":71,\"caption\":\"demarch\"},\"image\":{\"@id\":\"http:\/\/demarch.sn\/sitedemarch\/#\/schema\/logo\/image\/\"},\"sameAs\":[\"https:\/\/www.facebook.com\/demarch99\",\"https:\/\/twitter.com\/Demarch99\",\"https:\/\/www.linkedin.com\/company\/demarch99\"]}]}<\/script>\n<!-- \/ Yoast SEO plugin. -->","yoast_head_json":{"title":"\u00c0 propos de -","robots":{"index":"index","follow":"follow","max-snippet":"max-snippet:-1","max-image-preview":"max-image-preview:large","max-video-preview":"max-video-preview:-1"},"canonical":"https:\/\/demarch.sn\/sitedemarch\/index.php\/a-propos-de\/","og_locale":"fr_FR","og_type":"article","og_title":"\u00c0 propos de -","og_description":"Qui sommes-nous ? Localisation Villa 32, cit\u00e9 Gendarmerie II extension, Keur Massar, Dakar, S\u00e9n\u00e9gal Contact contact@demarch.sn T\u00e9l\u00e9phone +221 33 878 87 71 Pr\u00e9sentation Demarch est une plateforme qui vous accompagne dans tous vos projets de digitalisation pour une gestion et une diffusion efficaces de vos informations. L\u2019archivage physique et num\u00e9rique, l\u2019externalisation, la gestion \u00e9lectronique de [&hellip;]","og_url":"https:\/\/demarch.sn\/sitedemarch\/index.php\/a-propos-de\/","article_publisher":"https:\/\/www.facebook.com\/demarch99","article_modified_time":"2023-03-02T14:19:21+00:00","twitter_card":"summary_large_image","twitter_site":"@Demarch99","twitter_misc":{"Dur\u00e9e de lecture estim\u00e9e":"1 minute"},"schema":{"@context":"https:\/\/schema.org","@graph":[{"@type":"WebPage","@id":"https:\/\/demarch.sn\/sitedemarch\/index.php\/a-propos-de\/","url":"https:\/\/demarch.sn\/sitedemarch\/index.php\/a-propos-de\/","name":"\u00c0 propos de -","isPartOf":{"@id":"http:\/\/demarch.sn\/sitedemarch\/#website"},"datePublished":"2021-10-20T12:00:20+00:00","dateModified":"2023-03-02T14:19:21+00:00","breadcrumb":{"@id":"https:\/\/demarch.sn\/sitedemarch\/index.php\/a-propos-de\/#breadcrumb"},"inLanguage":"fr-FR","potentialAction":[{"@type":"ReadAction","target":["https:\/\/demarch.sn\/sitedemarch\/index.php\/a-propos-de\/"]}]},{"@type":"BreadcrumbList","@id":"https:\/\/demarch.sn\/sitedemarch\/index.php\/a-propos-de\/#breadcrumb","itemListElement":[{"@type":"ListItem","position":1,"name":"Accueil","item":"http:\/\/demarch.sn\/sitedemarch\/"},{"@type":"ListItem","position":2,"name":"\u00c0 propos de"}]},{"@type":"WebSite","@id":"http:\/\/demarch.sn\/sitedemarch\/#website","url":"http:\/\/demarch.sn\/sitedemarch\/","name":"","description":"Demarch, Votre partenaire en transformation digitale","publisher":{"@id":"http:\/\/demarch.sn\/sitedemarch\/#organization"},"potentialAction":[{"@type":"SearchAction","target":{"@type":"EntryPoint","urlTemplate":"http:\/\/demarch.sn\/sitedemarch\/?s={search_term_string}"},"query-input":"required name=search_term_string"}],"inLanguage":"fr-FR"},{"@type":"Organization","@id":"http:\/\/demarch.sn\/sitedemarch\/#organization","name":"demarch","url":"http:\/\/demarch.sn\/sitedemarch\/","logo":{"@type":"ImageObject","inLanguage":"fr-FR","@id":"http:\/\/demarch.sn\/sitedemarch\/#\/schema\/logo\/image\/","url":"http:\/\/demarch.sn\/sitedemarch\/wp-content\/uploads\/2021\/10\/logo.png","contentUrl":"http:\/\/demarch.sn\/sitedemarch\/wp-content\/uploads\/2021\/10\/logo.png","width":200,"height":71,"caption":"demarch"},"image":{"@id":"http:\/\/demarch.sn\/sitedemarch\/#\/schema\/logo\/image\/"},"sameAs":["https:\/\/www.facebook.com\/demarch99","https:\/\/twitter.com\/Demarch99","https:\/\/www.linkedin.com\/company\/demarch99"]}]}},"_links":{"self":[{"href":"https:\/\/demarch.sn\/sitedemarch\/index.php\/wp-json\/wp\/v2\/pages\/7"}],"collection":[{"href":"https:\/\/demarch.sn\/sitedemarch\/index.php\/wp-json\/wp\/v2\/pages"}],"about":[{"href":"https:\/\/demarch.sn\/sitedemarch\/index.php\/wp-json\/wp\/v2\/types\/page"}],"author":[{"embeddable":true,"href":"https:\/\/demarch.sn\/sitedemarch\/index.php\/wp-json\/wp\/v2\/users\/1"}],"replies":[{"embeddable":true,"href":"https:\/\/demarch.sn\/sitedemarch\/index.php\/wp-json\/wp\/v2\/comments?post=7"}],"version-history":[{"count":152,"href":"https:\/\/demarch.sn\/sitedemarch\/index.php\/wp-json\/wp\/v2\/pages\/7\/revisions"}],"predecessor-version":[{"id":4203,"href":"https:\/\/demarch.sn\/sitedemarch\/index.php\/wp-json\/wp\/v2\/pages\/7\/revisions\/4203"}],"wp:attachment":[{"href":"https:\/\/demarch.sn\/sitedemarch\/index.php\/wp-json\/wp\/v2\/media?parent=7"}],"curies":[{"name":"wp","href":"https:\/\/api.w.org\/{rel}","templated":true}]}}